{"id":3275,"date":"2017-06-29T16:17:34","date_gmt":"2017-06-29T14:17:34","guid":{"rendered":"https:\/\/prar.ch\/page-equipe\/"},"modified":"2026-02-04T09:29:50","modified_gmt":"2026-02-04T08:29:50","slug":"office","status":"publish","type":"page","link":"https:\/\/prar.ch\/en\/office\/","title":{"rendered":"Office"},"content":{"rendered":"<p style=\"text-align: left;\">Personeni Raffaele Architects is an architectural office founded in 2001 and based in Lausanne.<\/p>\n<p style=\"text-align: justify;\">Since its creation, its projects have included administrative, hospital and sports buildings, urban developments, new and renovated individual and collective housing, major conversion work and work on listed buildings. Our mandates come primarily from architectural competitions. The office handles the entire construction process, from design to completion. Its employees\u2019 skills mean that it is able to support and advise the client, to act as a traditional contractor or as a general planner. The office regularly organises SIA 142\/143 architectural competitions and public procurement procedures for public and private authorities. It is also called upon by various civil courts and councils to provide official expert opinions.<\/p>\n<p style=\"text-align: justify;\">The office is a member of the following professional associations: SIA Swiss society of engineers and architects, REG A Foundation of the Swiss registers of professionals in engineering, architecture and the environment, VISARTE, Society of visual artists, UPIAV Employers&#8217; association of Vaud engineers and architects, list of SIA experts.<\/p>\n<p>&nbsp;<\/p>\n<p>PARTNERS<\/p>\n<p><strong>Colette Raffaele<\/strong><br \/>\nMember of research staff, EPFL, 2004-2008<br \/>\nPhD in theory and history of architecture, EPFL, 2004<br \/>\nMSc in architecture, EPFL<\/p>\n<p><strong>Fabrizio Raffaele<\/strong><br \/>\nMAS in expertise, EPFL<br \/>\nMSc in architecture, EPFL<br \/>\nDipl. arch. HES, Biel<br \/>\nCFC draftsman, NE<\/p>\n<p>&nbsp;<\/p>\n<p>FORMER PARTNERS<\/p>\n<p style=\"text-align: justify;\">Fabio Personeni, Wilmay Choy, Dan Roukoz, C\u00e9dric Schaerer<\/p>\n<p>&nbsp;<\/p>\n<p>ARCHITECTS (MSc arch.)<\/p>\n<p style=\"text-align: justify;\"><strong>Stefanie Murer &#8211; Sebastian Lenders &#8211; Romane Terrien &#8211; Adriana Sowa &#8211; Beatrice Gebara &#8211; Benjamin Krieger &#8211; Helio Pereira &#8211; Spela Glavac Prieto &#8211; Rita Pires <\/strong>&#8211; Vittorio di Giuseppe &#8211; Helena Lecocq &#8211; Jean Bourdelle &#8211; Antoine Weber &#8211; Laura Gavila Lloret &#8211; Yannick Fernandez &#8211; Anita Heredia &#8211; Violeta Orero Canet &#8211; Christophe Mattar &#8211; Nam Nguyen &#8211; Severine Cami de Baix &#8211; Julie Casson &#8211; Christopher Greim-Kuczewski &#8211; Katia Jehel-Robyr &#8211; Rosine Lacaze &#8211; Carole Major &#8211; Sung-Taeg Nam &#8211; Robin Schweizer &#8211; N\u00f9ria Tenas Oller &#8211; Sylvaine Vanet<\/p>\n<p>&nbsp;<\/p>\n<p>INTERNS<\/p>\n<p style=\"text-align: justify;\"><strong>Magdalena Opalinska <\/strong>&#8211; Adele Neyret &#8211; Victoria Siragusa &#8211; Julia Swistuniuk &#8211; Christian Kalmus &#8211; Auriane Farine &#8211; Gaultier Rosset &#8211; Dimitri Deschenaux &#8211; Francisco Peneda Ferreira &#8211; Raphael Halilovic &#8211; Cecilia Alfredo &#8211; Camille Rieux &#8211; Gianni Verrillo &#8211; Adrien Clairac &#8211; Romain Dupertuis &#8211; S\u00e9bastien Lendi &#8211; Maxime Theuvenat &#8211; Manuel Rossi &#8211; Mathias Helfenstein &#8211; Giancarlo Bionda &#8211; Marielle Neuhaus &#8211; Romain D\u2019Incau &#8211; In\u00eas Soares &#8211; Odile Becker &#8211; Ida-Marie Hoffmann &#8211; Noemi Dolci &#8211; Mariana Fartaria &#8211; Leire Dominguez &#8211; Nelson Taisne &#8211; Emmanuelle Vernet &#8211; Amaia Guibert Castillo &#8211; Ana Isabel Pinheiro &#8211; Zeinab Aghamahdi &#8211; Markus von Bergen &#8211; Danielle Boyd &#8211; Cl\u00e9mence Bruandet &#8211; David Cea &#8211; Ana Maria Cotter &#8211; Sofia Dias Machado &#8211; Stefan Hohenberger &#8211; Marguerite Idrac &#8211; Marta Lopez Perez &#8211; Marta Lozano Sanchez &#8211; Raisa Maunula &#8211; Lauranne Millet &#8211; Christiane M\u00f6ller &#8211; Anina Muraro &#8211; Violeta Orero Canet &#8211; Vy Pham Huang &#8211; Myrto Stenou- N\u00f9ria Tenas Oller &#8211; Lucie Tran &#8211; Fabrice Vaglio &#8211; M\u00e9lanie Widmer<\/p>\n<p>&nbsp;<\/p>\n<p>ADMINISTRATION<\/p>\n<p style=\"text-align: left;\"><strong>Patrizia Pache<\/strong> &#8211; Brigitte Gaillard Fuentes<\/p>\n","protected":false},"excerpt":{"rendered":"<p>Personeni Raffaele Architects is an architectural office founded in 2001 and based in Lausanne. Since its creation, its projects have included administrative, hospital and sports buildings, urban developments, new and renovated individual and collective housing, major conversion work and work on listed buildings. Our mandates come primarily from architectural competitions. The office handles the entire [&hellip;]<\/p>\n","protected":false},"author":1,"featured_media":0,"parent":0,"menu_order":0,"comment_status":"closed","ping_status":"closed","template":"","meta":{"_acf_changed":false,"footnotes":""},"class_list":["post-3275","page","type-page","status-publish","hentry"],"acf":[],"yoast_head":"<!-- This site is optimized with the Yoast SEO plugin v26.9 - https:\/\/yoast.com\/product\/yoast-seo-wordpress\/ -->\n<title>Office - Personeni Raffaele Architectes<\/title>\n<meta name=\"description\" content=\"PRAR architectes - Personeni Raffaele architectes EPF HES SIA - Lausanne, Neuch\u00e2tel - Fabio Personeni, Colette Raffaele, Fabrizio Raffaele\" \/>\n<meta name=\"robots\" content=\"index, follow, max-snippet:-1, max-image-preview:large, max-video-preview:-1\" \/>\n<link rel=\"canonical\" href=\"https:\/\/prar.ch\/en\/office\/\" \/>\n<meta property=\"og:locale\" content=\"en_US\" \/>\n<meta property=\"og:type\" content=\"article\" \/>\n<meta property=\"og:title\" content=\"Office - Personeni Raffaele Architectes\" \/>\n<meta property=\"og:description\" content=\"PRAR architectes - Personeni Raffaele architectes EPF HES SIA - Lausanne, Neuch\u00e2tel - Fabio Personeni, Colette Raffaele, Fabrizio Raffaele\" \/>\n<meta property=\"og:url\" content=\"https:\/\/prar.ch\/en\/office\/\" \/>\n<meta property=\"og:site_name\" content=\"Personeni Raffaele Architectes\" \/>\n<meta property=\"article:modified_time\" content=\"2026-02-04T08:29:50+00:00\" \/>\n<meta name=\"twitter:card\" content=\"summary_large_image\" \/>\n<meta name=\"twitter:label1\" content=\"Est. reading time\" \/>\n\t<meta name=\"twitter:data1\" content=\"3 minutes\" \/>\n<script type=\"application\/ld+json\" class=\"yoast-schema-graph\">{\"@context\":\"https:\/\/schema.org\",\"@graph\":[{\"@type\":\"WebPage\",\"@id\":\"https:\/\/prar.ch\/en\/office\/\",\"url\":\"https:\/\/prar.ch\/en\/office\/\",\"name\":\"Office - Personeni Raffaele Architectes\",\"isPartOf\":{\"@id\":\"https:\/\/prar.ch\/#website\"},\"datePublished\":\"2017-06-29T14:17:34+00:00\",\"dateModified\":\"2026-02-04T08:29:50+00:00\",\"description\":\"PRAR architectes - Personeni Raffaele architectes EPF HES SIA - Lausanne, Neuch\u00e2tel - Fabio Personeni, Colette Raffaele, Fabrizio Raffaele\",\"breadcrumb\":{\"@id\":\"https:\/\/prar.ch\/en\/office\/#breadcrumb\"},\"inLanguage\":\"en-US\",\"potentialAction\":[{\"@type\":\"ReadAction\",\"target\":[\"https:\/\/prar.ch\/en\/office\/\"]}]},{\"@type\":\"BreadcrumbList\",\"@id\":\"https:\/\/prar.ch\/en\/office\/#breadcrumb\",\"itemListElement\":[{\"@type\":\"ListItem\",\"position\":1,\"name\":\"Home\",\"item\":\"https:\/\/prar.ch\/en\/\"},{\"@type\":\"ListItem\",\"position\":2,\"name\":\"Office\"}]},{\"@type\":\"WebSite\",\"@id\":\"https:\/\/prar.ch\/#website\",\"url\":\"https:\/\/prar.ch\/\",\"name\":\"Personeni Raffaele Architectes\",\"description\":\"\",\"potentialAction\":[{\"@type\":\"SearchAction\",\"target\":{\"@type\":\"EntryPoint\",\"urlTemplate\":\"https:\/\/prar.ch\/?s={search_term_string}\"},\"query-input\":{\"@type\":\"PropertyValueSpecification\",\"valueRequired\":true,\"valueName\":\"search_term_string\"}}],\"inLanguage\":\"en-US\"}]}<\/script>\n<!-- \/ Yoast SEO plugin. -->","yoast_head_json":{"title":"Office - Personeni Raffaele Architectes","description":"PRAR architectes - Personeni Raffaele architectes EPF HES SIA - Lausanne, Neuch\u00e2tel - Fabio Personeni, Colette Raffaele, Fabrizio Raffaele","robots":{"index":"index","follow":"follow","max-snippet":"max-snippet:-1","max-image-preview":"max-image-preview:large","max-video-preview":"max-video-preview:-1"},"canonical":"https:\/\/prar.ch\/en\/office\/","og_locale":"en_US","og_type":"article","og_title":"Office - Personeni Raffaele Architectes","og_description":"PRAR architectes - Personeni Raffaele architectes EPF HES SIA - Lausanne, Neuch\u00e2tel - Fabio Personeni, Colette Raffaele, Fabrizio Raffaele","og_url":"https:\/\/prar.ch\/en\/office\/","og_site_name":"Personeni Raffaele Architectes","article_modified_time":"2026-02-04T08:29:50+00:00","twitter_card":"summary_large_image","twitter_misc":{"Est. reading time":"3 minutes"},"schema":{"@context":"https:\/\/schema.org","@graph":[{"@type":"WebPage","@id":"https:\/\/prar.ch\/en\/office\/","url":"https:\/\/prar.ch\/en\/office\/","name":"Office - Personeni Raffaele Architectes","isPartOf":{"@id":"https:\/\/prar.ch\/#website"},"datePublished":"2017-06-29T14:17:34+00:00","dateModified":"2026-02-04T08:29:50+00:00","description":"PRAR architectes - Personeni Raffaele architectes EPF HES SIA - Lausanne, Neuch\u00e2tel - Fabio Personeni, Colette Raffaele, Fabrizio Raffaele","breadcrumb":{"@id":"https:\/\/prar.ch\/en\/office\/#breadcrumb"},"inLanguage":"en-US","potentialAction":[{"@type":"ReadAction","target":["https:\/\/prar.ch\/en\/office\/"]}]},{"@type":"BreadcrumbList","@id":"https:\/\/prar.ch\/en\/office\/#breadcrumb","itemListElement":[{"@type":"ListItem","position":1,"name":"Home","item":"https:\/\/prar.ch\/en\/"},{"@type":"ListItem","position":2,"name":"Office"}]},{"@type":"WebSite","@id":"https:\/\/prar.ch\/#website","url":"https:\/\/prar.ch\/","name":"Personeni Raffaele Architectes","description":"","potentialAction":[{"@type":"SearchAction","target":{"@type":"EntryPoint","urlTemplate":"https:\/\/prar.ch\/?s={search_term_string}"},"query-input":{"@type":"PropertyValueSpecification","valueRequired":true,"valueName":"search_term_string"}}],"inLanguage":"en-US"}]}},"_links":{"self":[{"href":"https:\/\/prar.ch\/en\/wp-json\/wp\/v2\/pages\/3275","targetHints":{"allow":["GET"]}}],"collection":[{"href":"https:\/\/prar.ch\/en\/wp-json\/wp\/v2\/pages"}],"about":[{"href":"https:\/\/prar.ch\/en\/wp-json\/wp\/v2\/types\/page"}],"author":[{"embeddable":true,"href":"https:\/\/prar.ch\/en\/wp-json\/wp\/v2\/users\/1"}],"replies":[{"embeddable":true,"href":"https:\/\/prar.ch\/en\/wp-json\/wp\/v2\/comments?post=3275"}],"version-history":[{"count":22,"href":"https:\/\/prar.ch\/en\/wp-json\/wp\/v2\/pages\/3275\/revisions"}],"predecessor-version":[{"id":4116,"href":"https:\/\/prar.ch\/en\/wp-json\/wp\/v2\/pages\/3275\/revisions\/4116"}],"wp:attachment":[{"href":"https:\/\/prar.ch\/en\/wp-json\/wp\/v2\/media?parent=3275"}],"curies":[{"name":"wp","href":"https:\/\/api.w.org\/{rel}","templated":true}]}}